{"id":7262,"date":"2019-09-24T18:13:34","date_gmt":"2019-09-24T16:13:34","guid":{"rendered":"https:\/\/www.villamadruzzo.com\/prenotazione-sale-per-eventi\/"},"modified":"2020-01-02T16:51:41","modified_gmt":"2020-01-02T15:51:41","slug":"buchen-sie-ihre-veranstaltung","status":"publish","type":"page","link":"https:\/\/www.villamadruzzo.com\/de\/buchen-sie-ihre-veranstaltung\/","title":{"rendered":"Buchen Sie Ihre Veranstaltung"},"content":{"rendered":"\n<p>Kontaktieren Sie uns, um Ihre Veranstaltung in der Villa Madruzzo zu organisieren. F\u00fcllen Sie einfach das untenstehende Formular aus und unsere Mitarbeiter werden sich innerhalb von 48 Stunden bei Ihnen melden, um Ihre Veranstaltung\u00a0 zu best\u00e4tigen. <\/p>\n\n\n\n<div class=\"wpcf7 no-js\" id=\"wpcf7-f4884-o1\" lang=\"de-DE\" dir=\"ltr\">\n<div class=\"screen-reader-response\"><p role=\"status\" aria-live=\"polite\" aria-atomic=\"true\"><\/p> <ul><\/ul><\/div>\n<form action=\"\/de\/wp-json\/wp\/v2\/pages\/7262#wpcf7-f4884-o1\" method=\"post\" class=\"wpcf7-form init wpcf7-acceptance-as-validation wpcf7-format\" aria-label=\"Kontaktformular\" novalidate=\"novalidate\" data-status=\"init\">\n<div style=\"display: none;\">\n<input type=\"hidden\" name=\"_wpcf7\" value=\"4884\" \/>\n<input type=\"hidden\" name=\"_wpcf7_version\" value=\"5.9.4\" \/>\n<input type=\"hidden\" name=\"_wpcf7_locale\" value=\"de_DE\" \/>\n<input type=\"hidden\" name=\"_wpcf7_unit_tag\" value=\"wpcf7-f4884-o1\" \/>\n<input type=\"hidden\" name=\"_wpcf7_container_post\" value=\"0\" \/>\n<input type=\"hidden\" name=\"_wpcf7_posted_data_hash\" value=\"\" \/>\n<input type=\"hidden\" name=\"_wpcf7_recaptcha_response\" value=\"\" \/>\n<\/div>\n<input class=\"wpcf7-form-control wpcf7-hidden\" value=\"DE\" type=\"hidden\" name=\"lingua\" \/>\n<h4>Event Info<\/h4>\n<div class=\"row input-daterange date-picker\">\n\t<div class=\"col-12 col-xl-4 col-lg-6 col-md-6\">\n\t\t<span class=\"wpcf7-form-control-wrap\" data-name=\"arrivo\"><input size=\"40\" class=\"wpcf7-form-control wpcf7-text wpcf7-validates-as-required date-range-start\" aria-required=\"true\" aria-invalid=\"false\" placeholder=\"Anreisedatum *\" value=\"\" type=\"text\" name=\"arrivo\" \/><\/span>\n\t<\/div>\n\t<div class=\"col-12 col-xl-4 col-lg-6 col-md-6\">\n\t\t<span class=\"wpcf7-form-control-wrap\" data-name=\"partenza\"><input size=\"40\" class=\"wpcf7-form-control wpcf7-text wpcf7-validates-as-required date-range-end\" aria-required=\"true\" aria-invalid=\"false\" placeholder=\"Abreisedatum *\" value=\"\" type=\"text\" name=\"partenza\" \/><\/span>\n\t<\/div>\n<\/div>\n<div class=\"row\">\n\t<div class=\"col-12 col-md-8\">\n\t\t<span class=\"wpcf7-form-control-wrap\" data-name=\"evento\"><select class=\"wpcf7-form-control wpcf7-select wpcf7-validates-as-required\" aria-required=\"true\" aria-invalid=\"false\" name=\"evento\"><option value=\"\">Veranstaltungstyp *<\/option><option value=\"gesch\u00e4ftstreffen\">gesch\u00e4ftstreffen<\/option><option value=\"konferenzen und tagungen\">konferenzen und tagungen<\/option><option value=\"schulungsveranstaltungen\">schulungsveranstaltungen<\/option><option value=\"private mittag- und abendessen\">private mittag- und abendessen<\/option><option value=\"abschluss-party\">abschluss-party<\/option><option value=\"geburtstagsfeiern und jubil\u00e4en\">geburtstagsfeiern und jubil\u00e4en<\/option><option value=\"hochzeitsfeiern\">hochzeitsfeiern<\/option><option value=\"mehr\">mehr<\/option><\/select><\/span>\n\t<\/div>\n\t<div class=\"col-12 col-md-4\">\n\t\t<span class=\"wpcf7-form-control-wrap\" data-name=\"partecipanti\"><input size=\"40\" class=\"wpcf7-form-control wpcf7-text wpcf7-validates-as-required\" aria-required=\"true\" aria-invalid=\"false\" placeholder=\"n. Teilnehmer *\" value=\"\" type=\"text\" name=\"partecipanti\" \/><\/span>\n\t<\/div>\n<\/div>\n<div class=\"row\">\n\t<div class=\"col-12\">\n\t\t<label class=\"title\">W\u00e4hlen Sie einen oder mehrere f\u00fcr Ihre Veranstaltung geeignete Raumtypen aus<\/label>\n\t\t<span class=\"wpcf7-form-control-wrap\" data-name=\"sala\"><span class=\"wpcf7-form-control wpcf7-checkbox list\"><span class=\"wpcf7-list-item first\"><label><input type=\"checkbox\" name=\"sala[]\" value=\"Belvedere\" \/><span class=\"wpcf7-list-item-label\">Belvedere<\/span><\/label><\/span><span class=\"wpcf7-list-item\"><label><input type=\"checkbox\" name=\"sala[]\" value=\"Ludovico Madruzzo 1\" \/><span class=\"wpcf7-list-item-label\">Ludovico Madruzzo 1<\/span><\/label><\/span><span class=\"wpcf7-list-item\"><label><input type=\"checkbox\" name=\"sala[]\" value=\"Ludovico Madruzzo 2\" \/><span class=\"wpcf7-list-item-label\">Ludovico Madruzzo 2<\/span><\/label><\/span><span class=\"wpcf7-list-item\"><label><input type=\"checkbox\" name=\"sala[]\" value=\"Caminetto\" \/><span class=\"wpcf7-list-item-label\">Caminetto<\/span><\/label><\/span><span class=\"wpcf7-list-item\"><label><input type=\"checkbox\" name=\"sala[]\" value=\"Angeli\" \/><span class=\"wpcf7-list-item-label\">Angeli<\/span><\/label><\/span><span class=\"wpcf7-list-item\"><label><input type=\"checkbox\" name=\"sala[]\" value=\"Cardinale\" \/><span class=\"wpcf7-list-item-label\">Cardinale<\/span><\/label><\/span><span class=\"wpcf7-list-item\"><label><input type=\"checkbox\" name=\"sala[]\" value=\"Veranda\" \/><span class=\"wpcf7-list-item-label\">Veranda<\/span><\/label><\/span><span class=\"wpcf7-list-item\"><label><input type=\"checkbox\" name=\"sala[]\" value=\"Chiesetta\" \/><span class=\"wpcf7-list-item-label\">Chiesetta<\/span><\/label><\/span><span class=\"wpcf7-list-item\"><label><input type=\"checkbox\" name=\"sala[]\" value=\"Sagrestia\" \/><span class=\"wpcf7-list-item-label\">Sagrestia<\/span><\/label><\/span><span class=\"wpcf7-list-item last\"><label><input type=\"checkbox\" name=\"sala[]\" value=\"Carlo Emanuele\" \/><span class=\"wpcf7-list-item-label\">Carlo Emanuele<\/span><\/label><\/span><\/span><\/span>\n\t<\/div>\n<\/div>\n<div class=\"row\">\n\t<div class=\"col-12\">\n\t\t<label class=\"title\">Weitere Leistungen<\/label>\n\t\t<span class=\"wpcf7-form-control-wrap\" data-name=\"servizi\"><span class=\"wpcf7-form-control wpcf7-checkbox list\"><span class=\"wpcf7-list-item first\"><label><input type=\"checkbox\" name=\"servizi[]\" value=\"coffee break\" \/><span class=\"wpcf7-list-item-label\">Kaffeepause<\/span><\/label><\/span><span class=\"wpcf7-list-item\"><label><input type=\"checkbox\" name=\"servizi[]\" value=\"aperitivo\" \/><span class=\"wpcf7-list-item-label\">Aperitif<\/span><\/label><\/span><span class=\"wpcf7-list-item\"><label><input type=\"checkbox\" name=\"servizi[]\" value=\"pranzo\" \/><span class=\"wpcf7-list-item-label\">Mittagessen<\/span><\/label><\/span><span class=\"wpcf7-list-item\"><label><input type=\"checkbox\" name=\"servizi[]\" value=\"cena\" \/><span class=\"wpcf7-list-item-label\">Abendessen<\/span><\/label><\/span><span class=\"wpcf7-list-item last\"><label><input type=\"checkbox\" name=\"servizi[]\" value=\"pernottamento in hotel\" \/><span class=\"wpcf7-list-item-label\">\u00dcbernachtung im Hotel<\/span><\/label><\/span><\/span><\/span>\n\t<\/div>\n<\/div>\n<div class=\"row\">\n\t<div class=\"col-12\">\n\t\t<span class=\"wpcf7-form-control-wrap\" data-name=\"messaggio\"><textarea cols=\"40\" rows=\"10\" class=\"wpcf7-form-control wpcf7-textarea\" aria-invalid=\"false\" placeholder=\"F\u00fcgen Sie einige Informationen \u00fcber die Veranstaltung, die Sie organisieren m\u00f6chten, hinzu:\" name=\"messaggio\"><\/textarea><\/span>\n\t<\/div>\n<\/div>\n<h4>Kontaktinformationen<\/h4>\n<div class=\"row\">\n\t<div class=\"col-12 col-md-4\">\n\t\t<span class=\"wpcf7-form-control-wrap\" data-name=\"nome\"><input size=\"40\" class=\"wpcf7-form-control wpcf7-text wpcf7-validates-as-required\" aria-required=\"true\" aria-invalid=\"false\" placeholder=\"Name *\" value=\"\" type=\"text\" name=\"nome\" \/><\/span>\n\t<\/div>\n\t<div class=\"col-12 col-md-4\">\n\t\t<span class=\"wpcf7-form-control-wrap\" data-name=\"cognome\"><input size=\"40\" class=\"wpcf7-form-control wpcf7-text wpcf7-validates-as-required\" aria-required=\"true\" aria-invalid=\"false\" placeholder=\"Nachname *\" value=\"\" type=\"text\" name=\"cognome\" \/><\/span>\n\t<\/div>\n\t<div class=\"col-12 col-md-4\">\n\t\t<span class=\"wpcf7-form-control-wrap\" data-name=\"azienda\"><input size=\"40\" class=\"wpcf7-form-control wpcf7-text\" aria-invalid=\"false\" placeholder=\"Firma\" value=\"\" type=\"text\" name=\"azienda\" \/><\/span>\n\t<\/div>\n\t<div class=\"col-12 col-md-6\">\n\t\t<span class=\"wpcf7-form-control-wrap\" data-name=\"email\"><input size=\"40\" class=\"wpcf7-form-control wpcf7-email wpcf7-validates-as-required wpcf7-text wpcf7-validates-as-email\" aria-required=\"true\" aria-invalid=\"false\" placeholder=\"E-Mail *\" value=\"\" type=\"email\" name=\"email\" \/><\/span>\n\t<\/div>\n\t<div class=\"col-12 col-md-6\">\n\t\t<span class=\"wpcf7-form-control-wrap\" data-name=\"telefono\"><input size=\"40\" class=\"wpcf7-form-control wpcf7-text wpcf7-validates-as-required\" aria-required=\"true\" aria-invalid=\"false\" placeholder=\"Telefon *\" value=\"\" type=\"text\" name=\"telefono\" \/><\/span>\n\t<\/div>\n<\/div>\n<div class=\"row\">\n\t<div class=\"col-12\">\n\t\t<div class=\"container-privacy acceptance-container\">\n\t\t\t<span class=\"wpcf7-form-control-wrap\" data-name=\"newsletter\"><span class=\"wpcf7-form-control wpcf7-acceptance optional\"><span class=\"wpcf7-list-item\"><label><input type=\"checkbox\" name=\"newsletter\" value=\"1\" aria-invalid=\"false\" \/><span class=\"wpcf7-list-item-label\">Ich bin damit einverstanden, Marketing-Kommunikation und Sonderangebote von Hotel Villa Madruzzo (optional) zu erhalten<\/span><\/label><\/span><\/span><\/span>\n\t\t<\/div>\n\t<\/div>\n\t<div class=\"col-12\">\n\t\t<div class=\"container-privacy acceptance-container\">\n\t\t\t<span class=\"wpcf7-form-control-wrap\" data-name=\"privacy\"><span class=\"wpcf7-form-control wpcf7-acceptance\"><span class=\"wpcf7-list-item\"><label><input type=\"checkbox\" name=\"privacy\" value=\"1\" aria-invalid=\"false\" \/><span class=\"wpcf7-list-item-label\">Ich habe die <a href=\"\/de\/privacy\/\" target=\"_blank\">Datenschutzerkl\u00e4rung<\/a> gelesen und bin in die Verarbeitung meiner personenbezogenen Daten einverstanden *<\/span><\/label><\/span><\/span><\/span>\n\t\t<\/div>\n\t<\/div>\n<\/div>\n<div class=\"container-input-submit align-right\">\n\t<input class=\"wpcf7-form-control wpcf7-submit has-spinner\" type=\"submit\" value=\"Verf\u00fcgbarkeit pr\u00fcfen\" \/>\n<\/div>\n<div class=\"wpcf7-response-output\" aria-hidden=\"true\"><\/div>\n<\/form>\n<\/div>\n\n","protected":false},"excerpt":{"rendered":"<p>Kontaktieren Sie uns, um Ihre Veranstaltung in der Villa Madruzzo zu organisieren. F\u00fcllen Sie einfach das untenstehende Formular aus und unsere Mitarbeiter werden sich innerhalb von 48 Stunden bei Ihnen melden, um Ihre Veranstaltung\u00a0 zu best\u00e4tigen.<\/p>\n","protected":false},"author":2,"featured_media":0,"parent":0,"menu_order":0,"comment_status":"closed","ping_status":"closed","template":"","meta":{"_acf_changed":false,"footnotes":""},"acf":[],"_links":{"self":[{"href":"https:\/\/www.villamadruzzo.com\/de\/wp-json\/wp\/v2\/pages\/7262"}],"collection":[{"href":"https:\/\/www.villamadruzzo.com\/de\/wp-json\/wp\/v2\/pages"}],"about":[{"href":"https:\/\/www.villamadruzzo.com\/de\/wp-json\/wp\/v2\/types\/page"}],"author":[{"embeddable":true,"href":"https:\/\/www.villamadruzzo.com\/de\/wp-json\/wp\/v2\/users\/2"}],"replies":[{"embeddable":true,"href":"https:\/\/www.villamadruzzo.com\/de\/wp-json\/wp\/v2\/comments?post=7262"}],"version-history":[{"count":0,"href":"https:\/\/www.villamadruzzo.com\/de\/wp-json\/wp\/v2\/pages\/7262\/revisions"}],"wp:attachment":[{"href":"https:\/\/www.villamadruzzo.com\/de\/wp-json\/wp\/v2\/media?parent=7262"}],"curies":[{"name":"wp","href":"https:\/\/api.w.org\/{rel}","templated":true}]}}