{"id":7118,"date":"2019-11-04T16:14:52","date_gmt":"2019-11-04T15:14:52","guid":{"rendered":"https:\/\/www.villamadruzzo.com\/madruzzina-gallery\/"},"modified":"2019-12-12T22:50:01","modified_gmt":"2019-12-12T21:50:01","slug":"madruzzina-gallery","status":"publish","type":"page","link":"https:\/\/www.villamadruzzo.com\/de\/unsere-einrichtungen\/madruzzina-gallery\/","title":{"rendered":"Madruzzina Gallery"},"content":{"rendered":"\n<p>Die vor kurzem geschaffene Madruzzina Gallery ist ein Durchgang, der \ndie drei verschiedenen Hotelbereiche miteinander verbindet, d.h. die \nVilla \u2013 das Herzst\u00fcck des Hotels-, die Zona Classic und das Belvedere, \nwo sich der Spa-Bereich befindet.<\/p>\n\n\n\n<p>\u00dcber die Madruzzina Gallery kommt man von einem Hotelbereich in den  anderen und erf\u00e4hrt dabei anhand von alten Fotos und Bildern, auf denen  die privaten und politischen Schicksale der verschiedenen Bewohner  gezeigt werden, etwas \u00fcber die Geschichte der Villa Madruzzo vom 15. Jh.  bis heute.<\/p>\n\n\n\n<figure class=\"wp-block-gallery columns-3 is-cropped wp-block-gallery-1 is-layout-flex wp-block-gallery-is-layout-flex\"><ul class=\"blocks-gallery-grid\"><li class=\"blocks-gallery-item\"><figure><a href=\"https:\/\/www.villamadruzzo.com\/wp-content\/uploads\/2019\/11\/storia-villa-madruzzo-gallery-1110x624.jpg\" data-fancybox=\"gallery\"><img decoding=\"async\" width=\"1110\" height=\"624\" data-src=\"https:\/\/www.villamadruzzo.com\/wp-content\/uploads\/2019\/11\/storia-villa-madruzzo-gallery-1110x624.jpg\" src=\"data:image\/svg+xml,%3Csvg xmlns='http:\/\/www.w3.org\/2000\/svg' viewBox='0 0 1110 624' width='1110' height='624'%3E%3C\/svg%3E\" alt=\"Storia villa madruzzo gallery\" data-id=\"5598\" data-link=\"https:\/\/www.villamadruzzo.com\/la-struttura\/la-madruzzina-gallery\/storia-villa-madruzzo-gallery\/\" class=\"lazy wp-image-5598\" data-srcset=\"https:\/\/www.villamadruzzo.com\/wp-content\/uploads\/2019\/11\/storia-villa-madruzzo-gallery-1110x624.jpg 1110w, https:\/\/www.villamadruzzo.com\/wp-content\/uploads\/2019\/11\/storia-villa-madruzzo-gallery-555x312.jpg 555w\" data-sizes=\"(max-width: 1110px) 100vw, 1110px\" \/><\/a><\/figure><\/li><li class=\"blocks-gallery-item\"><figure><a href=\"https:\/\/www.villamadruzzo.com\/wp-content\/uploads\/2019\/11\/villa-madruzzo-galleria-sotterranea-1110x624.jpg\" data-fancybox=\"gallery\"><img decoding=\"async\" width=\"1110\" height=\"624\" data-src=\"https:\/\/www.villamadruzzo.com\/wp-content\/uploads\/2019\/11\/villa-madruzzo-galleria-sotterranea-1110x624.jpg\" src=\"data:image\/svg+xml,%3Csvg xmlns='http:\/\/www.w3.org\/2000\/svg' viewBox='0 0 1110 624' width='1110' height='624'%3E%3C\/svg%3E\" alt=\"Villa madruzzo galleria sotterranea\" data-id=\"5603\" data-link=\"https:\/\/www.villamadruzzo.com\/la-struttura\/la-madruzzina-gallery\/villa-madruzzo-galleria-sotterranea\/\" class=\"lazy wp-image-5603\" data-srcset=\"https:\/\/www.villamadruzzo.com\/wp-content\/uploads\/2019\/11\/villa-madruzzo-galleria-sotterranea-1110x624.jpg 1110w, https:\/\/www.villamadruzzo.com\/wp-content\/uploads\/2019\/11\/villa-madruzzo-galleria-sotterranea-555x312.jpg 555w\" data-sizes=\"(max-width: 1110px) 100vw, 1110px\" \/><\/a><\/figure><\/li><li class=\"blocks-gallery-item\"><figure><a href=\"https:\/\/www.villamadruzzo.com\/wp-content\/uploads\/2019\/11\/villa-madruzzo-madruzzina-gallery-1110x624.jpg\" data-fancybox=\"gallery\"><img decoding=\"async\" width=\"1110\" height=\"624\" data-src=\"https:\/\/www.villamadruzzo.com\/wp-content\/uploads\/2019\/11\/villa-madruzzo-madruzzina-gallery-1110x624.jpg\" src=\"data:image\/svg+xml,%3Csvg xmlns='http:\/\/www.w3.org\/2000\/svg' viewBox='0 0 1110 624' width='1110' height='624'%3E%3C\/svg%3E\" alt=\"Villa madruzzo madruzzina gallery\" data-id=\"5608\" data-link=\"https:\/\/www.villamadruzzo.com\/la-struttura\/la-madruzzina-gallery\/villa-madruzzo-madruzzina-gallery\/\" class=\"lazy wp-image-5608\" data-srcset=\"https:\/\/www.villamadruzzo.com\/wp-content\/uploads\/2019\/11\/villa-madruzzo-madruzzina-gallery-1110x624.jpg 1110w, https:\/\/www.villamadruzzo.com\/wp-content\/uploads\/2019\/11\/villa-madruzzo-madruzzina-gallery-555x312.jpg 555w\" data-sizes=\"(max-width: 1110px) 100vw, 1110px\" \/><\/a><\/figure><\/li><\/ul><\/figure>\n","protected":false},"excerpt":{"rendered":"<p>Die vor kurzem geschaffene Madruzzina Gallery ist ein Durchgang, der die drei verschiedenen Hotelbereiche miteinander verbindet, d.h. die Villa \u2013 das Herzst\u00fcck des Hotels-, die Zona Classic und das Belvedere, wo sich der Spa-Bereich befindet. \u00dcber die Madruzzina Gallery kommt man von einem Hotelbereich in den anderen und erf\u00e4hrt dabei anhand von alten Fotos und [&hellip;]<\/p>\n","protected":false},"author":2,"featured_media":0,"parent":7197,"menu_order":1,"comment_status":"closed","ping_status":"closed","template":"","meta":{"_acf_changed":false,"footnotes":""},"acf":[],"_links":{"self":[{"href":"https:\/\/www.villamadruzzo.com\/de\/wp-json\/wp\/v2\/pages\/7118"}],"collection":[{"href":"https:\/\/www.villamadruzzo.com\/de\/wp-json\/wp\/v2\/pages"}],"about":[{"href":"https:\/\/www.villamadruzzo.com\/de\/wp-json\/wp\/v2\/types\/page"}],"author":[{"embeddable":true,"href":"https:\/\/www.villamadruzzo.com\/de\/wp-json\/wp\/v2\/users\/2"}],"replies":[{"embeddable":true,"href":"https:\/\/www.villamadruzzo.com\/de\/wp-json\/wp\/v2\/comments?post=7118"}],"version-history":[{"count":0,"href":"https:\/\/www.villamadruzzo.com\/de\/wp-json\/wp\/v2\/pages\/7118\/revisions"}],"up":[{"embeddable":true,"href":"https:\/\/www.villamadruzzo.com\/de\/wp-json\/wp\/v2\/pages\/7197"}],"wp:attachment":[{"href":"https:\/\/www.villamadruzzo.com\/de\/wp-json\/wp\/v2\/media?parent=7118"}],"curies":[{"name":"wp","href":"https:\/\/api.w.org\/{rel}","templated":true}]}}